{"id":42,"date":"2020-06-23T17:39:08","date_gmt":"2020-06-23T15:39:08","guid":{"rendered":"http:\/\/rybaglqob.cyon.link\/wp\/?page_id=42"},"modified":"2025-11-20T13:25:26","modified_gmt":"2025-11-20T12:25:26","slug":"partner","status":"publish","type":"page","link":"https:\/\/ridegravel.ch\/bern\/partner\/","title":{"rendered":"Partner"},"content":{"rendered":"<p><span class=\"lead\">Ein herzlicher Dank geb\u00fchrt allen Partner*innen, f\u00fcr die wertvolle und loyale Unterst\u00fctzung.<br \/>\nSie sind es, die unsere Visionen zum Leben erwecken und den Anlass erm\u00f6glichen.<\/span><\/p>\n","protected":false},"excerpt":{"rendered":"<p>Ein herzlicher Dank geb\u00fchrt allen Partner*innen, f\u00fcr die wertvolle und loyale Unterst\u00fctzung. Sie sind es, die unsere Visionen zum Leben (&#8230;)<\/p>\n","protected":false},"author":1026,"featured_media":9130,"parent":0,"menu_order":50,"comment_status":"closed","ping_status":"closed","template":"page-partner.php","meta":{"_acf_changed":false,"footnotes":""},"categories":[],"tags":[],"class_list":["post-42","page","type-page","status-publish","has-post-thumbnail","hentry"],"acf":[],"lang":"de","translations":{"de":42,"en":1406},"pll_sync_post":[],"_links":{"self":[{"href":"https:\/\/ridegravel.ch\/bern\/wp-json\/wp\/v2\/pages\/42","targetHints":{"allow":["GET"]}}],"collection":[{"href":"https:\/\/ridegravel.ch\/bern\/wp-json\/wp\/v2\/pages"}],"about":[{"href":"https:\/\/ridegravel.ch\/bern\/wp-json\/wp\/v2\/types\/page"}],"author":[{"embeddable":true,"href":"https:\/\/ridegravel.ch\/bern\/wp-json\/wp\/v2\/users\/1026"}],"replies":[{"embeddable":true,"href":"https:\/\/ridegravel.ch\/bern\/wp-json\/wp\/v2\/comments?post=42"}],"version-history":[{"count":5,"href":"https:\/\/ridegravel.ch\/bern\/wp-json\/wp\/v2\/pages\/42\/revisions"}],"predecessor-version":[{"id":9140,"href":"https:\/\/ridegravel.ch\/bern\/wp-json\/wp\/v2\/pages\/42\/revisions\/9140"}],"wp:featuredmedia":[{"embeddable":true,"href":"https:\/\/ridegravel.ch\/bern\/wp-json\/wp\/v2\/media\/9130"}],"wp:attachment":[{"href":"https:\/\/ridegravel.ch\/bern\/wp-json\/wp\/v2\/media?parent=42"}],"wp:term":[{"taxonomy":"category","embeddable":true,"href":"https:\/\/ridegravel.ch\/bern\/wp-json\/wp\/v2\/categories?post=42"},{"taxonomy":"post_tag","embeddable":true,"href":"https:\/\/ridegravel.ch\/bern\/wp-json\/wp\/v2\/tags?post=42"}],"curies":[{"name":"wp","href":"https:\/\/api.w.org\/{rel}","templated":true}]}}