{"id":707,"date":"2023-10-11T11:19:13","date_gmt":"2023-10-11T09:19:13","guid":{"rendered":"https:\/\/ridegravel.ch\/transjura\/?page_id=707"},"modified":"2026-01-22T17:57:41","modified_gmt":"2026-01-22T16:57:41","slug":"manger-et-dormir","status":"publish","type":"page","link":"https:\/\/ridegravel.ch\/transjura\/fr\/evenement\/manger-et-dormir\/","title":{"rendered":"Manger et dormir"},"content":{"rendered":"<p>Qu&#8217;il s&#8217;agisse de nuits d&#8217;h\u00f4tel luxueuses ou de nuits pass\u00e9es sur une natte de camping ou dans un sac de couchage ; tout est possible. Gr\u00e2ce \u00e0 une feuille de route (num\u00e9rique) d\u00e9taill\u00e9e, les participants re\u00e7oivent deux mois avant l&#8217;\u00e9v\u00e9nement une documentation d\u00e9taill\u00e9e qui leur permet de modifier \u00e0 tout moment leurs propres plans et de les adapter aux conditions quotidiennes et \u00e0 leur propre \u00e9tat d&#8217;esprit.<\/p>\n<p>Les h\u00e9bergements sont inform\u00e9s \u00e0 l&#8217;avance et privil\u00e9gient votre r\u00e9servation \u00e0 l&#8217;avance, mais accueillent \u00e9galement les h\u00f4tes spontan\u00e9s en fonction des disponibilit\u00e9s.<\/p>\n<p>&nbsp;<\/p>\n<h3 style=\"color: #008685\"><span style=\"font-size: 24pt\">Baden<\/span><\/h3>\n<p>Pour la veille du d\u00e9part de la Gravel Trans Jura, nous te conseillons de r\u00e9server une chambre \u00e0 l&#8217;avance \u00e0 Baden aupr\u00e8s de nos h\u00f4tels partenaires. Tu trouveras toutes les offres sur <a href=\"https:\/\/tportal.tomas.travel\/BadenKongresse\/ukv\/?doSearch=1&amp;lang=fr&amp;ukv_result_order=1&amp;number_adult=1&amp;rate=TDS00020016057268570&amp;date_from=04.06.2026&amp;date_to=05.06.2026&amp;reset=1&amp;globalReset=1\" target=\"_blank\" rel=\"noopener\"><strong>la plateforme de r\u00e9servation<\/strong><\/a> de Baden Tourismus, sp\u00e9cialement cr\u00e9\u00e9e pour la Gravel Trans Jura. Tu peux \u00e9galement y faire ta r\u00e9servation.<\/p>\n<p><span style=\"font-size: 18pt;color: #f06eaa\"><strong>Camping<\/strong><\/span><\/p>\n<p>Si tu pr\u00e9f\u00e8res passer la nuit sous la tente ou \u00e0 la belle \u00e9toile, tu as aussi la possibilit\u00e9 de le faire \u00e0 Baden. Le Limmatclub met \u00e0 notre disposition le pr\u00e9 (<a href=\"https:\/\/www.google.ch\/maps\/place\/47%C2%B028'01.3%22N+8%C2%B018'31.9%22E\/@47.467037,8.308855,17z\/data=!3m1!4b1!4m4!3m3!8m2!3d47.467037!4d8.308855?entry=ttu\">Site sur Google maps<\/a>) pr\u00e8s de son hangar \u00e0 bateaux pour la nuit pr\u00e9c\u00e9dant la Gravel Trans Jura. Une r\u00e9servation peut \u00eatre effectu\u00e9e lors de l&#8217;inscription moyennant une participation aux frais de CHF 20.- par personne.<\/p>\n<p><span style=\"color: #f06eaa;font-size: 18pt\"><strong>Nos h\u00f4tels partenaires \u00e0 Baden<\/strong><\/span><\/p>\n<table class=\"table table-striped\">\n<tbody>\n<tr>\n<td width=\"34%\"><strong>Trafo Hotel<\/strong><br \/>\nBruggerstrasse 56, Baden<br \/>\nTel. 056 203 80 80<br \/>\n<a href=\"m&#97;&#x69;&#x6c;&#x74;o&#58;&#x68;&#x6f;&#x6d;e&#64;&#x74;&#x72;&#x61;f&#111;&#x68;&#x6f;&#x74;e&#108;&#x2e;&#x63;&#x68;\">&#104;&#x6f;&#109;&#x65;&#64;&#x74;r&#x61;f&#x6f;h&#111;&#x74;&#101;&#x6c;&#46;&#x63;&#104;<\/a><br \/>\n<a href=\"https:\/\/www.trafohotel.ch\/de\/hotel\/bike-friendly\/\">www.trafohotel.ch<\/a><\/td>\n<td width=\"66%\">Le Trafo Stadthotel se trouve \u00e0 quelques minutes \u00e0 pied de la gare de Baden : du check-in en ligne, du check-out express, des lits de qualit\u00e9 jusqu&#8217;au WLAN highspeed gratuit, tout est con\u00e7u pour r\u00e9pondre aux besoins des clients.<br \/>\nSur le site du Trafo se trouvent, outre l&#8217;h\u00f4tel, un restaurant, le parc de fitness et de bien-\u00eatre ainsi que des cin\u00e9mas modernes. Tout est donc r\u00e9uni sous un m\u00eame toit.<\/td>\n<\/tr>\n<tr>\n<td><strong>Blue City Boutique Hotel<\/strong><br \/>\nHaselstrasse 17, Baden<br \/>\nTel. 056 200 18 18<br \/>\n<a href=\"&#x6d;&#x61;&#x69;&#x6c;&#x74;&#x6f;&#x3a;&#x68;&#x6f;&#x6d;&#x65;&#x40;&#x62;&#x6c;&#117;&#101;&#99;&#105;&#116;&#121;&#104;&#111;&#116;&#101;&#108;&#46;ch\">&#x68;&#x6f;&#x6d;&#x65;&#x40;&#x62;&#x6c;&#117;&#101;&#99;&#105;&#116;yhot&#x65;&#x6c;&#x2e;&#x63;&#x68;<\/a><br \/>\n<a href=\"https:\/\/www.bluecityhotel.ch\/\">www.bluecityhotel.ch<\/a><\/td>\n<td>Les clients \u00e0 la recherche d&#8217;un int\u00e9rieur styl\u00e9 et d&#8217;un service personnalis\u00e9 dans un emplacement central ont trouv\u00e9 en ce Boutique H\u00f4tel 4 \u00e9toiles leur domicile id\u00e9al.<br \/>\nLe Boutique Hotel b\u00e9n\u00e9ficie d&#8217;une situation centrale et n&#8217;est qu&#8217;\u00e0 deux minutes \u00e0 pied de la gare de Baden. La vieille ville historique, le quartier des bains ainsi que le Grand Casino de Baden, nich\u00e9 dans le parc thermal, se trouvent \u00e0 proximit\u00e9 imm\u00e9diate.<\/td>\n<\/tr>\n<tr>\n<td><strong>Aparthotel Baden<\/strong><br \/>\nZelgweg 11, Baden-D\u00e4ttwil<br \/>\nTel. 056 493 44 88<br \/>\n<a href=\"&#109;a&#x69;l&#x74;o&#x3a;i&#x6e;&#102;&#x6f;&#64;&#x61;&#112;&#x61;&#114;t&#104;o&#x74;e&#x6c;-&#x62;&#97;&#x64;&#101;&#x6e;&#46;&#x63;&#104;\">&#x69;&#x6e;&#102;&#111;&#64;&#x61;&#x70;&#x61;&#114;&#116;h&#x6f;&#x74;&#x65;&#108;&#45;b&#x61;&#x64;&#x65;&#110;&#46;c&#x68;<\/a><br \/>\n<a href=\"https:\/\/www.aparthotel-baden.ch\">www.aparthotel-baden.ch<\/a><\/td>\n<td>L&#8217;Aparthotel Baden b\u00e9n\u00e9ficie d&#8217;une situation centrale au c\u0153ur de la nature.<br \/>\nDes chambres d&#8217;affaires aux chambres mansard\u00e9es, les chambres sont modernes et confortablement meubl\u00e9es. Int\u00e9gr\u00e9 au Bareggcenter Baden, les clients peuvent profiter d&#8217;une nuit de sommeil reposante ainsi que d&#8217;une gamme compl\u00e8te de divertissements et d&#8217;installations de bien-\u00eatre.<\/td>\n<\/tr>\n<tr>\n<td><strong>Hotel Linde<\/strong><br \/>\nMellingerstrasse 22, Baden<br \/>\nTel. 056 511 24 74<br \/>\n<a href=\"&#x6d;&#97;&#105;&#x6c;&#x74;&#111;&#58;&#x69;&#x6e;&#102;&#111;&#x40;&#x6c;&#105;&#110;&#x64;&#x65;&#45;&#98;&#x61;&#x64;&#101;&#110;&#x2e;&#x63;&#104;\">info&#64;linde-baden&#46;ch<\/a><br \/>\n<a href=\"https:\/\/www.linde-baden.ch\/\">www.linde-baden.ch<\/a><\/td>\n<td>L&#8217;h\u00f4tel Linde est id\u00e9alement situ\u00e9 \u00e0 deux minutes de marche de la promenade de Baden et des rues commer\u00e7antes. Il dispose d&#8217;une magnifique terrasse sur le toit pour des ap\u00e9ritifs agr\u00e9ables. Vous \u00eates au bon endroit si vous recherchez un h\u00e9bergement confortable et moderne et une cuisine terre-\u00e0-terre de qualit\u00e9 \u00e0 base d&#8217;ingr\u00e9dients naturels.<\/td>\n<\/tr>\n<tr>\n<td><strong>Hotel du Parc<\/strong><br \/>\nR\u00f6merstrasse 24, Baden<br \/>\nTel. 056 203 15 15<br \/>\n<a href=\"&#x6d;a&#x69;&#108;&#x74;&#x6f;:&#x69;&#110;&#x66;&#x6f;&#64;&#x68;&#111;&#x74;&#x65;l&#x64;&#117;&#x70;&#x61;r&#x63;&#46;&#x63;&#x68;\">&#x69;&#110;f&#x6f;&#x40;&#104;o&#x74;&#x65;&#108;d&#x75;&#112;a&#x72;&#x63;&#46;c&#x68;<\/a><br \/>\n<a href=\"https:\/\/www.hotelduparc.ch\/\">www.hotelduparc.ch<\/a><\/td>\n<td>L&#8217;h\u00f4tel 4 \u00e9toiles du Parc est situ\u00e9 au c\u0153ur de la ville, juste \u00e0 c\u00f4t\u00e9 du romantique Kurpark et du Grand Casino Baden. \u00c0 cinq minutes de marche de la gare, il constitue le point de d\u00e9part id\u00e9al pour explorer Baden et sa r\u00e9gion.<\/td>\n<\/tr>\n<tr>\n<td><strong>Jugendherberge Baden<\/strong><br \/>\nKanalstrasse 7, Baden<br \/>\nTel. 056 221 67 36<br \/>\n<a href=\"https:\/\/www.youthhostel.ch\/fr\/auberges\/auberge-des-jeunesse-baden\">www.youthhostel.ch\/fr\/auberges\/auberge-des-jeunesse-baden<\/a><\/td>\n<td>Pr\u00e8s de la Limmat, l&#8217;auberge de jeunesse moderne est un excellent lieu de s\u00e9jour pour les amateurs de sport. Situ\u00e9e sur les rives de la Limmat et \u00e0 proximit\u00e9 du complexe sportif d&#8217;Aue, elle permet de participer \u00e0 d&#8217;innombrables excursions et entra\u00eenements.<\/td>\n<\/tr>\n<tr>\n<td><strong>Ibis Baden Neuenhof<\/strong><br \/>\nAlte Z\u00fcrcherstrasse 53, Neuenhof<br \/>\nTel. 056 544 49 49<br \/>\n<a href=\"&#x6d;&#97;i&#x6c;&#x74;&#111;:&#x48;&#x41;&#57;A&#x30;&#64;a&#x63;&#x63;&#111;r&#x2e;&#x63;&#111;m\">&#x48;&#x41;&#57;&#65;&#48;&#64;&#x61;&#x63;&#x63;&#111;&#114;&#46;c&#x6f;&#x6d;<\/a><br \/>\n<a href=\"https:\/\/all.accor.com\/\">all.accor.com<\/a><\/td>\n<td>L&#8217;ibis Baden Neuenhof est id\u00e9alement situ\u00e9 sur l&#8217;autoroute A1, \u00e0 quelques minutes de route de Baden et de Zurich. WLAN inclus, r\u00e9ception et menu de collations 24 heures sur 24, 7 jours sur 7, grand parking disponible. Gr\u00e2ce aux bonnes connexions, vous pouvez rejoindre Baden en un rien de temps. L&#8217;arr\u00eat de bus Klosterr\u00fcti se trouve juste devant la porte.<\/td>\n<\/tr>\n<tr>\n<td><strong>Hotel Restaurant Neuhaus<\/strong><br \/>\nKirchweg 13, Nussbaumen bei Baden<br \/>\nTel. 056 290 16 16<br \/>\n<a href=\"&#109;&#x61;&#105;&#x6c;&#116;&#x6f;&#58;&#x69;&#110;&#x66;&#111;&#x40;&#104;&#x6f;&#116;&#x65;&#108;&#x6e;&#101;&#x75;&#104;&#x61;&#117;&#x73;&#46;&#x63;&#104;\">&#x69;&#110;&#102;&#x6f;&#x40;&#104;&#111;&#x74;&#x65;&#108;&#110;&#x65;&#x75;&#104;&#97;&#x75;&#x73;&#46;&#99;&#x68;<\/a><br \/>\n<a href=\"http:\/\/www.hotelneuhaus.ch\">www.hotelneuhaus.ch<\/a><\/td>\n<td>\n<p>L&#8217;h\u00f4tel Neuhaus allie tradition et modernit\u00e9. Depuis 1879, le Neuhaus est plac\u00e9 sous le signe de l&#8217;auberge familiale.<\/p>\n<p>Les nouvelles chambres d&#8217;h\u00f4tel, confortablement et agr\u00e9ablement am\u00e9nag\u00e9es, offrent tout ce dont vous avez besoin pour un s\u00e9jour agr\u00e9able. Elles offrent une atmosph\u00e8re d\u00e9tendue dans un look et un confort modernes, sont situ\u00e9es au calme et disposent d&#8217;une salle de bain priv\u00e9e avec douche, d&#8217;un s\u00e8che-cheveux, d&#8217;un poste de travail, d&#8217;une t\u00e9l\u00e9vision \u00e0 \u00e9cran plat et d&#8217;une connexion Wi-Fi gratuite.<\/td>\n<\/tr>\n<\/tbody>\n<\/table>\n<h3><\/h3>\n<p>&nbsp;<\/p>\n<h3 style=\"color: #008685\"><span style=\"font-size: 24pt\">Nyon<\/span><\/h3>\n<p>C&#8217;est directement au bord du lac L\u00e9man que se trouve la destination &#8211;<strong> <a href=\"https:\/\/www.lacote-tourisme.ch\/fr\/\">Nyon la jolie petite ville<\/a><\/strong> entre Lausanne et Gen\u00e8ve, au milieu des vignobles de La C\u00f4te. Nyon se r\u00e9jouit de ton arriv\u00e9e et de ton s\u00e9jour. Dans tous les cas, il vaut la peine d&#8217;y passer encore une ou plusieurs nuits. Tu trouveras toutes les offres sur la <strong>plateforme de r\u00e9servation<\/strong> (lien \u00e0 suivre prochainement) de Nyon R\u00e9gion Tourisme, cr\u00e9\u00e9e sp\u00e9cialement pour la Gravel Trans Jura.<\/p>\n<p><span style=\"font-size: 18pt;color: #f06eaa\"><strong>Camping<\/strong><\/span><\/p>\n<p>A Nyon aussi, tu as la possibilit\u00e9 de passer la nuit sous la tente ou \u00e0 la belle \u00e9toile. Il n&#8217;y a certes pas de camping officiel, mais un autre endroit magnifique qui met \u00e0 disposition de tous les participants de la Gravel Trans Jura un endroit pour camper. Le <a href=\"https:\/\/boisbougynyon.ch\/fr\/domaine-bois-bougy\/\">Domaine Bois Bougy<\/a>, se trouve dans un \u00e9crin de verdure, \u00e0 environ 2 km de la vieille ville de Nyon. Avec vue sur le Jura et le Mont-Blanc, \u00e0 quelques minutes de la plage du lac L\u00e9man, directement sur la v\u00e9loroute officielle. La nuit sous tente co\u00fbte 20 CHF par personne, respectivement 30 CHF avec un copieux petit-d\u00e9jeuner. Ceux qui pr\u00e9f\u00e8rent le confort trouveront peut-\u00eatre une place dans un B&amp;B \u00e0 partir de 65 CHF.<\/p>\n<p>R\u00e9servations directement aupr\u00e8s de :<\/p>\n<p><strong>Domaine Bois Bougy<\/strong><br \/>\nChemin Bois-Bougy 4<br \/>\nCH-1260 Nyon<br \/>\nT\u00e9l. 022 361 34 52<br \/>\n<a href=\"&#109;&#x61;&#105;&#x6c;t&#111;&#x3a;&#105;&#x6e;f&#x6f;&#64;&#98;&#x6f;&#105;&#x73;b&#x6f;&#x75;&#103;&#x79;n&#x79;o&#110;&#x2e;&#99;&#x68;\">&#x69;&#x6e;&#x66;&#111;&#64;bo&#x69;&#x73;&#x62;&#x6f;&#117;&#103;yn&#x79;&#x6f;&#x6e;&#46;&#99;&#104;<\/a><\/p>\n<p><span style=\"color: #f06eaa;font-size: 18pt\"><strong>Nos h\u00f4tels partenaires \u00e0 Nyon<\/strong><\/span><\/p>\n<table class=\"table table-striped\">\n<tbody>\n<tr>\n<td style=\"width: 210px\" width=\"34%\"><strong>Maison du Lac<\/strong><br \/>\nPlace de Savoie 1, Nyon<br \/>\nTel. 022 365 85 85<br \/>\n<a href=\"&#x6d;a&#x69;&#108;&#x74;&#111;:&#x63;&#111;&#x6e;&#116;a&#x63;&#116;&#x40;&#109;a&#x69;s&#x6f;&#110;&#x64;&#x75;l&#x61;&#99;&#x2e;&#99;o&#x6d;\">&#x63;&#111;&#110;&#x74;&#x61;&#99;&#116;&#x40;&#x6d;&#97;&#105;&#x73;&#x6f;&#110;&#100;&#x75;&#x6c;&#97;&#99;&#x2e;&#x63;&#111;&#109;<\/a><br \/>\n<a href=\"https:\/\/www.maisondulac.ch\/\">www.maisondulac.ch<\/a><\/td>\n<td style=\"width: 408px\" width=\"66%\">Juste \u00e0 l&#8217;arriv\u00e9e de la Gravel Trans Jura, sur la place de Savoie, se trouve La Maison du Lac. Cet \u00e9tablissement exceptionnel, situ\u00e9 sur les rives pittoresques du lac L\u00e9mans, offre une vue imprenable sur les eaux scintillantes et les montagnes majestueuses en arri\u00e8re-plan, pour une exp\u00e9rience unique alliant \u00e9l\u00e9gance moderne et charme traditionnel. Un grand choix de chambres simples, doubles ou m\u00eame familiales, petit d\u00e9jeuner compris, est disponible.<\/td>\n<\/tr>\n<tr>\n<td style=\"width: 210px\"><strong>Nyon Hostel SA<\/strong><br \/>\nChemin des Plantaz 47, Nyon<br \/>\nTel. 022 888 12 60<br \/>\n<a href=\"&#109;&#x61;&#105;&#x6c;&#116;&#x6f;&#58;&#x69;&#110;&#x66;&#111;&#x40;n&#x79;o&#x6e;h&#x6f;s&#x74;e&#x6c;&#46;&#99;&#x68;\">&#105;&#x6e;&#102;&#x6f;&#64;&#x6e;y&#x6f;n&#104;&#x6f;&#115;&#x74;&#101;&#x6c;&#46;&#x63;h<\/a><br \/>\n<a href=\"https:\/\/wwww.nyonhostel.ch\/\">wwww.nyonhostel.ch<\/a><\/td>\n<td style=\"width: 408px\" width=\"66%\">Bien que Nyon soit l&#8217;une des plus belles villes du lac L\u00e9man, elle a longtemps eu peu \u00e0 offrir en mati\u00e8re d&#8217;h\u00e9bergement \u00e9conomique. Cela a chang\u00e9 il y a quelques ann\u00e9es &#8211; c&#8217;est alors que Nyon Hostel a ouvert ses portes. 128 lits dans 27 chambres, dont 15 chambres \u00e0 plusieurs lits, 8 chambres doubles et 4 suites familiales am\u00e9nag\u00e9es selon le feng shui. Des boxes \u00e0 v\u00e9los gratuits sont disponibles au sous-sol.<\/td>\n<\/tr>\n<tr>\n<td style=\"width: 210px\"><strong>Hotel La Baracarolle<\/strong><br \/>\nRoute des Promenthoux 8, Prangins<br \/>\nTel. 022 365 78 78<br \/>\n<a href=\"&#x6d;&#x61;&#x69;&#x6c;&#116;&#111;&#58;re&#x73;&#x65;&#x72;&#x76;&#x61;&#116;&#105;&#111;n&#64;&#x68;&#x6f;&#x74;&#x65;&#x6c;&#45;&#108;&#97;ba&#x72;&#x63;&#x61;&#x72;&#x6f;&#108;&#108;&#101;&#46;c&#x68;\">&#x72;&#x65;&#115;e&#x72;&#x76;&#x61;&#116;i&#x6f;&#x6e;&#x40;&#104;o&#x74;&#x65;&#x6c;&#45;l&#x61;&#x62;&#x61;&#114;c&#x61;&#x72;&#x6f;&#108;l&#x65;&#x2e;&#x63;&#104;<\/a><br \/>\n<a href=\"https:\/\/www.labarcarolle.ch\/\">www.labarcarolle.ch<\/a><\/td>\n<td style=\"width: 408px\">L&#8217;h\u00f4tel Barcarolle est un lieu inspirant qui invite \u00e0 la d\u00e9tente. Sa situation unique au bord du lac lui conf\u00e8re une vue apaisante et agr\u00e9able. Le restaurant, le beach bar et la piscine contribuent \u00e9galement \u00e0 rendre votre s\u00e9jour inoubliable. Chambres climatis\u00e9es, piscine ext\u00e9rieure, parking gratuit, acc\u00e8s Wi-Fi gratuit.<\/td>\n<\/tr>\n<tr>\n<td style=\"width: 210px\"><strong>Hotel de l&#8217;Ange<\/strong><br \/>\nRue St-Jean 22, Nyon<br \/>\nTel. 022 361 55 09<br \/>\n<a href=\"&#x6d;&#97;i&#x6c;&#116;o&#x3a;&#105;n&#x66;&#x6f;&#64;&#x68;&#x6f;&#116;e&#x6c;&#100;e&#x6c;&#97;n&#x67;&#x65;&#46;&#x63;&#x68;\">&#x69;&#110;f&#x6f;&#64;h&#x6f;&#116;e&#x6c;&#x64;&#101;&#x6c;&#x61;&#110;g&#x65;&#46;c&#x68;<\/a><br \/>\n<a href=\"https:\/\/hoteldelange.ch\/\">hoteldelange.ch<\/a><\/td>\n<td style=\"width: 408px\" width=\"66%\">L&#8217;\u00e9quipe de l&#8217;H\u00f4tel de l&#8217;Ange met tout en \u0153uvre pour r\u00e9pondre aux souhaits de ses h\u00f4tes en leur offrant un accueil chaleureux dans une atmosph\u00e8re conviviale. Il est possible de s&#8217;y d\u00e9tendre ou de d\u00e9couvrir de nouvelles choses pendant quelques jours ou semaines. Les 14 chambres confortablement \u00e9quip\u00e9es de ce b\u00e2timent historique offrent tout ce que l&#8217;on peut attendre d&#8217;un s\u00e9jour agr\u00e9able.<\/td>\n<\/tr>\n<tr>\n<td style=\"width: 210px\"><strong>Hotel Ambassador<\/strong><br \/>\nRue St-Jean 26, Nyon<br \/>\nTel. 022 994 48 48<a href=\"m&#97;&#105;&#x6c;&#x74;&#x6f;&#x3a;i&#110;&#102;&#111;&#x40;&#x68;&#x6f;te&#108;&#45;&#x61;&#x6d;&#x62;as&#115;&#97;&#x64;&#x6f;&#x72;-n&#121;&#111;&#x6e;&#x2e;&#x63;h\">i&#110;&#x66;&#x6f;&#64;&#104;&#x6f;&#x74;e&#108;&#x2d;&#x61;m&#98;&#x61;&#x73;s&#97;&#x64;&#x6f;r&#45;&#110;&#x79;&#x6f;n&#46;&#x63;&#x68;<\/a><br \/>\n<a href=\"https:\/\/www.hotel-ambassador-nyon.ch\">www.hotel-ambassador-nyon.ch<\/a><\/td>\n<td style=\"width: 408px\" width=\"66%\">Au c\u0153ur de Nyon, \u00e0 deux pas du ch\u00e2teau et des rives du lac L\u00e9man, l&#8217;Ambassador Boutique H\u00f4tel vous accueille chaleureusement. Vous passez la porte et le d\u00e9cor raffin\u00e9 et intimiste, aux couleurs chaudes comme le noir, le taupe et le cuivre, vous plonge dans une atmosph\u00e8re cosy, chaleureuse et feutr\u00e9e. Les 21 chambres de ce boutique-h\u00f4tel unique en son genre \u00e0 Nyon offrent toutes un moment privil\u00e9gi\u00e9 avec beaucoup de confort et d&#8217;intimit\u00e9.<\/td>\n<\/tr>\n<tr>\n<td style=\"width: 210px\"><strong>Hotel le Rive<br \/>\n<\/strong>Rue de Rive 15, Nyon<br \/>\nTel. 022 552 20 82<br \/>\n<a href=\"&#109;&#97;&#x69;&#x6c;&#116;&#111;&#x3a;&#x69;&#110;&#102;&#x6f;&#x40;&#104;&#111;&#x74;&#x65;&#108;&#45;&#x6c;&#x65;&#45;&#114;&#x69;&#x76;&#101;&#46;&#x63;&#x68;\"><span class=\"elementor-icon-list-text\">&#x69;n&#x66;&#111;&#64;&#x68;&#111;&#x74;&#x65;l&#x2d;&#108;e&#x2d;&#114;&#x69;&#118;e&#x2e;&#99;h<\/span><\/a><br \/>\n<a href=\"https:\/\/hotel-le-rive.ch\/de\/\">https:\/\/hotel-le-rive.ch\/de\/<\/a><\/td>\n<td style=\"width: 408px\">\n<div class=\"elementor-element elementor-element-8e9478d elementor-widget elementor-widget-text-editor\" data-id=\"8e9478d\" data-element_type=\"widget\" data-widget_type=\"text-editor.default\">\n<div class=\"elementor-widget-container\">\n<p>Id\u00e9alement situ\u00e9 \u00e0 Nyon, au bord du Lac Leman, avec vue sur le Mont-Blanc, l&#8217;h\u00f4tel se trouve dans le quartier pittoresque et unique de Rive.<\/p>\n<p>Certaines chambres avec balcon donnent l&#8217;impression de survoler le lac.<\/p>\n<p>Aux beaux jours, le c\u00e9l\u00e8bre restaurant avec terrasse au bord du lac offre une atmosph\u00e8re particuli\u00e8re. On se sent d\u00e9finitivement en vacances !<span style=\"font-family: inherit;font-size: inherit\">\u00a0<\/span><\/p>\n<\/div>\n<\/div>\n<\/td>\n<\/tr>\n<tr>\n<td style=\"width: 210px\">\n<p>&nbsp;<\/p>\n<p><strong>B&amp;B Hotel<br \/>\n<\/strong>All. de la Petite Prairie 20, Nyon<br \/>\nTel. 022 512 17 77<br \/>\n<a href=\"&#x6d;&#97;i&#x6c;&#x74;&#111;:&#x62;&#98;_&#x37;&#x36;&#49;0&#x40;&#104;o&#x74;&#x65;&#108;b&#x62;&#x2e;&#99;&#x6f;&#x6d;\">&#x62;&#x62;&#95;7&#x36;&#x31;&#x30;&#64;h&#x6f;&#x74;&#x65;&#108;b&#x62;&#x2e;&#x63;&#111;m<\/a><br \/>\n<a href=\"https:\/\/www.hotel-bb.com\/fr\/hotel\/nyon\">https:\/\/www.hotel-bb.com\/fr\/hotel\/nyon<\/a><\/p>\n<p><strong>\u00a0<\/strong><\/td>\n<td style=\"width: 408px\">\n<div class=\"elementor-element elementor-element-8e9478d elementor-widget elementor-widget-text-editor\" data-id=\"8e9478d\" data-element_type=\"widget\" data-widget_type=\"text-editor.default\">\n<div class=\"elementor-widget-container\">\n<p>Le B&amp;B HOTEL Nyon (3 \u00e9toiles) b\u00e9n\u00e9ficie d&#8217;une situation centrale et se distingue par un am\u00e9nagement moderne, des chambres climatis\u00e9es et insonoris\u00e9es.<\/p>\n<p>Il offre entre autres :<\/p>\n<ul>\n<li>Internet illimit\u00e9 et gratuit<\/li>\n<li>Un parking s\u00e9curis\u00e9<\/li>\n<li>Un petit d\u00e9jeuner buffet \u00e0 volont\u00e9 avec des produits frais et locaux qui ravira les petits comme les grands.<\/li>\n<li>Un bar avec une offre compl\u00e8te de snacks entre les repas<\/li>\n<\/ul>\n<\/div>\n<\/div>\n<\/td>\n<\/tr>\n<\/tbody>\n<\/table>\n<p>&nbsp;<\/p>\n","protected":false},"excerpt":{"rendered":"<p>Qu&#8217;il s&#8217;agisse de nuits d&#8217;h\u00f4tel luxueuses ou de nuits pass\u00e9es sur une natte de camping ou dans un sac de (&#8230;)<\/p>\n","protected":false},"author":6,"featured_media":3641,"parent":674,"menu_order":7,"comment_status":"closed","ping_status":"closed","template":"page-templates\/page-full-width-image.php","meta":{"_acf_changed":false,"footnotes":""},"categories":[],"tags":[],"class_list":["post-707","page","type-page","status-publish","has-post-thumbnail","hentry"],"acf":[],"lang":"fr","translations":{"fr":707,"de":554,"en":709},"pll_sync_post":[],"_links":{"self":[{"href":"https:\/\/ridegravel.ch\/transjura\/wp-json\/wp\/v2\/pages\/707","targetHints":{"allow":["GET"]}}],"collection":[{"href":"https:\/\/ridegravel.ch\/transjura\/wp-json\/wp\/v2\/pages"}],"about":[{"href":"https:\/\/ridegravel.ch\/transjura\/wp-json\/wp\/v2\/types\/page"}],"author":[{"embeddable":true,"href":"https:\/\/ridegravel.ch\/transjura\/wp-json\/wp\/v2\/users\/6"}],"replies":[{"embeddable":true,"href":"https:\/\/ridegravel.ch\/transjura\/wp-json\/wp\/v2\/comments?post=707"}],"version-history":[{"count":4,"href":"https:\/\/ridegravel.ch\/transjura\/wp-json\/wp\/v2\/pages\/707\/revisions"}],"predecessor-version":[{"id":4125,"href":"https:\/\/ridegravel.ch\/transjura\/wp-json\/wp\/v2\/pages\/707\/revisions\/4125"}],"up":[{"embeddable":true,"href":"https:\/\/ridegravel.ch\/transjura\/wp-json\/wp\/v2\/pages\/674"}],"wp:featuredmedia":[{"embeddable":true,"href":"https:\/\/ridegravel.ch\/transjura\/wp-json\/wp\/v2\/media\/3641"}],"wp:attachment":[{"href":"https:\/\/ridegravel.ch\/transjura\/wp-json\/wp\/v2\/media?parent=707"}],"wp:term":[{"taxonomy":"category","embeddable":true,"href":"https:\/\/ridegravel.ch\/transjura\/wp-json\/wp\/v2\/categories?post=707"},{"taxonomy":"post_tag","embeddable":true,"href":"https:\/\/ridegravel.ch\/transjura\/wp-json\/wp\/v2\/tags?post=707"}],"curies":[{"name":"wp","href":"https:\/\/api.w.org\/{rel}","templated":true}]}}