{"id":733,"date":"2023-10-10T15:26:26","date_gmt":"2023-10-10T13:26:26","guid":{"rendered":"https:\/\/ridegravel.ch\/transjura\/?page_id=733"},"modified":"2026-04-14T10:52:09","modified_gmt":"2026-04-14T08:52:09","slug":"inscription","status":"publish","type":"page","link":"https:\/\/ridegravel.ch\/transjura\/fr\/inscription\/","title":{"rendered":"Inscription"},"content":{"rendered":"<p><a class=\"btn btn-primary\" href=\"https:\/\/trackmaxx.ch\/registration\/?race=GTJ26&amp;l=fr\" target=\"_blank\" rel=\"noopener\">Inscris-toi ici!<\/a><\/p>\n<p><span style=\"color: #ffffff\"><a class=\"btn btn-primary\" style=\"color: #ffffff\" href=\"https:\/\/trackmaxx.ch\/entrylist\/?race=GTJ26\" target=\"_blank\" rel=\"noopener\">Liste des participants Gravel Trans Jura 2026<\/a><\/span><\/p>\n<ul>\n<li>Les frais d&#8217;inscription s&#8217;\u00e9l\u00e8vent \u00e0 260 CHF (jusqu&#8217;au 10 avril 2026, puis 310 CHF) et comprennent :\n<ul>\n<li>Le fichier GPX de l\u2019itin\u00e9raire que nous avons planifi\u00e9 et perfectionn\u00e9 pendant plusieurs ann\u00e9es.<\/li>\n<li>L\u2019acc\u00e8s \u00e0 <a href=\"https:\/\/youtu.be\/RuYyCq-3vKw?si=bLNlGwNDviCV2xCO\" target=\"_blank\" rel=\"noopener\">l\u2019application Gravel Trans Jura<\/a>, qui t\u2019apportera une aide pr\u00e9cieuse dans de nombreux domaines, tant lors de la planification que pendant le voyage.<\/li>\n<li>La feuille de route d\u00e9taill\u00e9e (qui te pr\u00e9sente sous forme de tableau tous les h\u00e9bergements, restaurants et commerces le long du parcours).<\/li>\n<li>Des offres\/r\u00e9ductions int\u00e9ressantes de nos partenaires GTJ.<\/li>\n<li>\u00c9v\u00e9nement d&#8217;ouverture commun, avec d\u00eener \u00e0 Baden<\/li>\n<li>Accueil personnalis\u00e9 \u00e0 Nyon<\/li>\n<li>Hotline 24h\/24 pendant l&#8217;\u00e9v\u00e9nement<\/li>\n<\/ul>\n<\/li>\n<li>Les places de d\u00e9part sont limit\u00e9es \u00e0 400<\/li>\n<\/ul>\n","protected":false},"excerpt":{"rendered":"<p>Inscris-toi ici! Liste des participants Gravel Trans Jura 2026 Les frais d&#8217;inscription s&#8217;\u00e9l\u00e8vent \u00e0 260 CHF (jusqu&#8217;au 10 avril 2026, (&#8230;)<\/p>\n","protected":false},"author":6,"featured_media":2514,"parent":0,"menu_order":20,"comment_status":"closed","ping_status":"closed","template":"page-templates\/page-full-width-image.php","meta":{"_acf_changed":false,"footnotes":""},"categories":[],"tags":[],"class_list":["post-733","page","type-page","status-publish","has-post-thumbnail","hentry"],"acf":[],"lang":"fr","translations":{"fr":733,"de":536,"en":735},"pll_sync_post":[],"_links":{"self":[{"href":"https:\/\/ridegravel.ch\/transjura\/wp-json\/wp\/v2\/pages\/733","targetHints":{"allow":["GET"]}}],"collection":[{"href":"https:\/\/ridegravel.ch\/transjura\/wp-json\/wp\/v2\/pages"}],"about":[{"href":"https:\/\/ridegravel.ch\/transjura\/wp-json\/wp\/v2\/types\/page"}],"author":[{"embeddable":true,"href":"https:\/\/ridegravel.ch\/transjura\/wp-json\/wp\/v2\/users\/6"}],"replies":[{"embeddable":true,"href":"https:\/\/ridegravel.ch\/transjura\/wp-json\/wp\/v2\/comments?post=733"}],"version-history":[{"count":4,"href":"https:\/\/ridegravel.ch\/transjura\/wp-json\/wp\/v2\/pages\/733\/revisions"}],"predecessor-version":[{"id":4592,"href":"https:\/\/ridegravel.ch\/transjura\/wp-json\/wp\/v2\/pages\/733\/revisions\/4592"}],"wp:featuredmedia":[{"embeddable":true,"href":"https:\/\/ridegravel.ch\/transjura\/wp-json\/wp\/v2\/media\/2514"}],"wp:attachment":[{"href":"https:\/\/ridegravel.ch\/transjura\/wp-json\/wp\/v2\/media?parent=733"}],"wp:term":[{"taxonomy":"category","embeddable":true,"href":"https:\/\/ridegravel.ch\/transjura\/wp-json\/wp\/v2\/categories?post=733"},{"taxonomy":"post_tag","embeddable":true,"href":"https:\/\/ridegravel.ch\/transjura\/wp-json\/wp\/v2\/tags?post=733"}],"curies":[{"name":"wp","href":"https:\/\/api.w.org\/{rel}","templated":true}]}}