{"id":19,"date":"2025-02-07T12:56:30","date_gmt":"2025-02-07T11:56:30","guid":{"rendered":"https:\/\/ridegravel.ch\/transjuraindividual\/?page_id=19"},"modified":"2026-04-14T10:11:47","modified_gmt":"2026-04-14T08:11:47","slug":"home","status":"publish","type":"page","link":"https:\/\/ridegravel.ch\/transjuraindividual\/","title":{"rendered":"Home"},"content":{"rendered":"<h3>Dein Abenteuer startet jetzt!<\/h3>\n<p>Die Gravel Trans Jura ist mit 400 km und rund 11&#8217;000 H\u00f6henmetern ein echtes Abenteuer, eine Challenge, ein Erlebnis aber auch ein Genuss. Durchquere sieben verschiedene Kantone und entdecke die Sch\u00f6nheit und Vielf\u00e4ltigkeit der Landschaft und die herzliche Gastfreundschaft der Restaurants und Unterk\u00fcnfte entlang der Strecke.<\/p>\n<p>Teile dir die Etappen ein, wie du m\u00f6chtest und plane mit Hilfe unserer Roadmap und der eigens entwickelten App alles rundherum!<\/p>\n<p>Trotz vielen Anstiegen ist die Strecke nicht nur f\u00fcr super ambitionierte Sportler gemacht, sondern auch f\u00fcr Genussmenschen, die gut in Form sind. Mit Gravel-, Mountain- oder E-Bike.<\/p>\n","protected":false},"excerpt":{"rendered":"<p>Dein Abenteuer startet jetzt! Die Gravel Trans Jura ist mit 400 km und rund 11&#8217;000 H\u00f6henmetern ein echtes Abenteuer, eine (&#8230;)<\/p>\n","protected":false},"author":1024,"featured_media":644,"parent":0,"menu_order":0,"comment_status":"closed","ping_status":"closed","template":"","meta":{"_acf_changed":false,"footnotes":""},"categories":[],"tags":[],"class_list":["post-19","page","type-page","status-publish","has-post-thumbnail","hentry"],"acf":[],"lang":"de","translations":{"de":19,"en":31,"fr":33},"pll_sync_post":[],"_links":{"self":[{"href":"https:\/\/ridegravel.ch\/transjuraindividual\/wp-json\/wp\/v2\/pages\/19","targetHints":{"allow":["GET"]}}],"collection":[{"href":"https:\/\/ridegravel.ch\/transjuraindividual\/wp-json\/wp\/v2\/pages"}],"about":[{"href":"https:\/\/ridegravel.ch\/transjuraindividual\/wp-json\/wp\/v2\/types\/page"}],"author":[{"embeddable":true,"href":"https:\/\/ridegravel.ch\/transjuraindividual\/wp-json\/wp\/v2\/users\/1024"}],"replies":[{"embeddable":true,"href":"https:\/\/ridegravel.ch\/transjuraindividual\/wp-json\/wp\/v2\/comments?post=19"}],"version-history":[{"count":3,"href":"https:\/\/ridegravel.ch\/transjuraindividual\/wp-json\/wp\/v2\/pages\/19\/revisions"}],"predecessor-version":[{"id":1138,"href":"https:\/\/ridegravel.ch\/transjuraindividual\/wp-json\/wp\/v2\/pages\/19\/revisions\/1138"}],"wp:featuredmedia":[{"embeddable":true,"href":"https:\/\/ridegravel.ch\/transjuraindividual\/wp-json\/wp\/v2\/media\/644"}],"wp:attachment":[{"href":"https:\/\/ridegravel.ch\/transjuraindividual\/wp-json\/wp\/v2\/media?parent=19"}],"wp:term":[{"taxonomy":"category","embeddable":true,"href":"https:\/\/ridegravel.ch\/transjuraindividual\/wp-json\/wp\/v2\/categories?post=19"},{"taxonomy":"post_tag","embeddable":true,"href":"https:\/\/ridegravel.ch\/transjuraindividual\/wp-json\/wp\/v2\/tags?post=19"}],"curies":[{"name":"wp","href":"https:\/\/api.w.org\/{rel}","templated":true}]}}