{"id":38,"date":"2025-02-07T13:13:18","date_gmt":"2025-02-07T12:13:18","guid":{"rendered":"https:\/\/ridegravel.ch\/transjuraindividual\/?page_id=38"},"modified":"2026-04-02T14:12:01","modified_gmt":"2026-04-02T12:12:01","slug":"contact","status":"publish","type":"page","link":"https:\/\/ridegravel.ch\/transjuraindividual\/fr\/contact\/","title":{"rendered":"Contact"},"content":{"rendered":"<p><strong>crossroads Event &amp; Kommunikation GmbH<\/strong><\/p>\n<p>Ehrendingerstrasse 70<br \/>\n5408 Ennetbaden<\/p>\n<p><a href=\"&#x6d;&#x61;&#x69;&#x6c;&#x74;&#111;&#58;&#105;&#110;fo&#64;&#x72;&#x69;&#x64;&#x65;&#x67;&#x72;&#97;&#118;&#101;l&#46;c&#x68;\">&#x69;n&#x66;&#111;&#x40;&#114;i&#x64;&#101;&#x67;&#114;a&#x76;&#101;&#x6c;&#46;c&#x68;<\/a><\/p>\n<p>&nbsp;<\/p>\n<h3>Inscription \u00e0 la newsletter:<\/h3>\n<p>La Gravel Trans Jura ou la Gravel Trans Jura Individual t&#8217;int\u00e9ressent ? Inscris-toi \u00e0 la newsletter pour rester inform\u00e9.<br \/>\n                <div class=\"ml-embedded\" data-form=\"rzVDcO\"><\/div>\n            <\/p>\n","protected":false},"excerpt":{"rendered":"<p>Contacte-nous \u2013 nous attendons ton message avec impatience ! <\/p>\n","protected":false},"author":1024,"featured_media":288,"parent":0,"menu_order":100,"comment_status":"closed","ping_status":"closed","template":"page-templates\/page-full-width-image.php","meta":{"_acf_changed":false,"footnotes":""},"categories":[],"tags":[],"class_list":["post-38","page","type-page","status-publish","has-post-thumbnail","hentry"],"acf":[],"lang":"fr","translations":{"fr":38,"en":36,"de":21},"pll_sync_post":[],"_links":{"self":[{"href":"https:\/\/ridegravel.ch\/transjuraindividual\/wp-json\/wp\/v2\/pages\/38","targetHints":{"allow":["GET"]}}],"collection":[{"href":"https:\/\/ridegravel.ch\/transjuraindividual\/wp-json\/wp\/v2\/pages"}],"about":[{"href":"https:\/\/ridegravel.ch\/transjuraindividual\/wp-json\/wp\/v2\/types\/page"}],"author":[{"embeddable":true,"href":"https:\/\/ridegravel.ch\/transjuraindividual\/wp-json\/wp\/v2\/users\/1024"}],"replies":[{"embeddable":true,"href":"https:\/\/ridegravel.ch\/transjuraindividual\/wp-json\/wp\/v2\/comments?post=38"}],"version-history":[{"count":3,"href":"https:\/\/ridegravel.ch\/transjuraindividual\/wp-json\/wp\/v2\/pages\/38\/revisions"}],"predecessor-version":[{"id":1109,"href":"https:\/\/ridegravel.ch\/transjuraindividual\/wp-json\/wp\/v2\/pages\/38\/revisions\/1109"}],"wp:featuredmedia":[{"embeddable":true,"href":"https:\/\/ridegravel.ch\/transjuraindividual\/wp-json\/wp\/v2\/media\/288"}],"wp:attachment":[{"href":"https:\/\/ridegravel.ch\/transjuraindividual\/wp-json\/wp\/v2\/media?parent=38"}],"wp:term":[{"taxonomy":"category","embeddable":true,"href":"https:\/\/ridegravel.ch\/transjuraindividual\/wp-json\/wp\/v2\/categories?post=38"},{"taxonomy":"post_tag","embeddable":true,"href":"https:\/\/ridegravel.ch\/transjuraindividual\/wp-json\/wp\/v2\/tags?post=38"}],"curies":[{"name":"wp","href":"https:\/\/api.w.org\/{rel}","templated":true}]}}