{"id":85,"date":"2025-02-07T22:24:47","date_gmt":"2025-02-07T21:24:47","guid":{"rendered":"https:\/\/ridegravel.ch\/transjuraindividual\/?page_id=85"},"modified":"2025-02-24T12:58:52","modified_gmt":"2025-02-24T11:58:52","slug":"about","status":"publish","type":"page","link":"https:\/\/ridegravel.ch\/transjuraindividual\/fr\/about\/","title":{"rendered":"About"},"content":{"rendered":"<p>La \u00ab Gravel Trans Jura \u00bb est une aventure unique de Bikepacking ! Le parcours m\u00e8ne sur environ 400 kilom\u00e8tres et 12&#8217;000 m\u00e8tres de d\u00e9nivel\u00e9 de Baden \u00e0 Nyon, \u00e0 travers d&#8217;innombrables cha\u00eenes du Jura, offre des panoramas incroyables et montre de mani\u00e8re impressionnante la beaut\u00e9 intacte du Jura.<\/p>\n<p>Parcourir la \u00ab Gravel Trans Jura \u00bb, extr\u00eamement vari\u00e9e et \u00e9poustouflante, \u00e0 la force de ses propres muscles, en auto-supposition, est synonyme d&#8217;aventure pure. La nature, les conditions m\u00e9t\u00e9orologiques, les rencontres et les exp\u00e9riences seront si vari\u00e9es qu&#8217;elles laisseront des souvenirs inoubliables et inestimables.<\/p>\n<p>&nbsp;<\/p>\n","protected":false},"excerpt":{"rendered":"<p>La \u00ab Gravel Trans Jura \u00bb est une aventure unique de Bikepacking ! Le parcours m\u00e8ne sur environ 400 kilom\u00e8tres (&#8230;)<\/p>\n","protected":false},"author":1024,"featured_media":0,"parent":0,"menu_order":10,"comment_status":"closed","ping_status":"closed","template":"","meta":{"_acf_changed":false,"footnotes":""},"categories":[],"tags":[],"class_list":["post-85","page","type-page","status-publish","hentry"],"acf":[],"lang":"fr","translations":{"fr":85,"en":70,"de":13},"pll_sync_post":[],"_links":{"self":[{"href":"https:\/\/ridegravel.ch\/transjuraindividual\/wp-json\/wp\/v2\/pages\/85","targetHints":{"allow":["GET"]}}],"collection":[{"href":"https:\/\/ridegravel.ch\/transjuraindividual\/wp-json\/wp\/v2\/pages"}],"about":[{"href":"https:\/\/ridegravel.ch\/transjuraindividual\/wp-json\/wp\/v2\/types\/page"}],"author":[{"embeddable":true,"href":"https:\/\/ridegravel.ch\/transjuraindividual\/wp-json\/wp\/v2\/users\/1024"}],"replies":[{"embeddable":true,"href":"https:\/\/ridegravel.ch\/transjuraindividual\/wp-json\/wp\/v2\/comments?post=85"}],"version-history":[{"count":3,"href":"https:\/\/ridegravel.ch\/transjuraindividual\/wp-json\/wp\/v2\/pages\/85\/revisions"}],"predecessor-version":[{"id":205,"href":"https:\/\/ridegravel.ch\/transjuraindividual\/wp-json\/wp\/v2\/pages\/85\/revisions\/205"}],"wp:attachment":[{"href":"https:\/\/ridegravel.ch\/transjuraindividual\/wp-json\/wp\/v2\/media?parent=85"}],"wp:term":[{"taxonomy":"category","embeddable":true,"href":"https:\/\/ridegravel.ch\/transjuraindividual\/wp-json\/wp\/v2\/categories?post=85"},{"taxonomy":"post_tag","embeddable":true,"href":"https:\/\/ridegravel.ch\/transjuraindividual\/wp-json\/wp\/v2\/tags?post=85"}],"curies":[{"name":"wp","href":"https:\/\/api.w.org\/{rel}","templated":true}]}}