{"id":87,"date":"2025-02-07T22:25:45","date_gmt":"2025-02-07T21:25:45","guid":{"rendered":"https:\/\/ridegravel.ch\/transjuraindividual\/?page_id=87"},"modified":"2026-02-19T15:42:46","modified_gmt":"2026-02-19T14:42:46","slug":"parcours","status":"publish","type":"page","link":"https:\/\/ridegravel.ch\/transjuraindividual\/fr\/about\/parcours\/","title":{"rendered":"Parcours"},"content":{"rendered":"<p>L&#8217;itin\u00e9raire a \u00e9t\u00e9 con\u00e7u et \u00e9labor\u00e9 avec beaucoup de soin. Il s&#8217;\u00e9tend sur environ 400 kilom\u00e8tres et 11 000 m\u00e8tres de d\u00e9nivel\u00e9 \u00e0 travers sept cantons diff\u00e9rents.<\/p>\n<p>Comme les ann\u00e9es pr\u00e9c\u00e9dentes, le voyage commence dans la ville thermale traditionnelle de Baden, situ\u00e9e dans un cadre idyllique au pied du dernier contrefort de la cha\u00eene du Jura, le \u00ab L\u00e4gern \u00bb. De l\u00e0, le parcours traverse d&#8217;abord la vall\u00e9e de la Limmat avant de prendre de l&#8217;altitude \u00e0 partir de Brugg. Le parcours \u00e0 travers le canton d&#8217;Argovie se caract\u00e9rise par un terrain vari\u00e9 : des mont\u00e9es raides, des descentes rapides et des paysages toujours renouvel\u00e9s.<\/p>\n<p><img loading=\"lazy\" decoding=\"async\" class=\"alignnone size-medium wp-image-875\" src=\"https:\/\/ridegravel.ch\/transjura\/wp-content\/uploads\/sites\/2\/2023\/10\/route-600x401.png\" alt=\"Strecke\" width=\"600\" height=\"450\" \/><\/p>\n<p>Apr\u00e8s avoir travers\u00e9 la Salh\u00f6he, une partie particuli\u00e8rement attrayante du parcours commence : l&#8217;alternance le long de la fronti\u00e8re cantonale entre B\u00e2le-Campagne et Soleure. Le village de Balsthal est le dernier point civilis\u00e9 important pendant un long moment, apr\u00e8s quoi l&#8217;environnement devient nettement plus calme et plus proche de la nature. Contrairement \u00e0 ce que l&#8217;on pourrait croire, cette premi\u00e8re partie est la plus difficile pour de nombreux participants. Les mont\u00e9es et descentes incessantes et les pentes parfois raides sont \u00e9prouvantes.<\/p>\n<p>La nouvelle partie du parcours \u00e0 partir de G\u00e4nsbrunnen, qui roule bien, est d&#8217;autant plus appr\u00e9ci\u00e9e. Via Moutier (le village bernois qui appartiendra au canton du Jura \u00e0 partir du 1er janvier 2026), le parcours m\u00e8ne au Val de Tavannes, passe devant la c\u00e9l\u00e8bre fromagerie \u00ab T\u00eate de Moine \u00bb, traverse des vall\u00e9es et des cha\u00eenes de montagnes jusqu&#8217;\u00e0 Courtelary, o\u00f9 est fabriqu\u00e9 le c\u00e9l\u00e8bre chocolat Camille Bloch.<\/p>\n<p>Une longue mont\u00e9e m\u00e8ne finalement au sommet de la cr\u00eate du Chasseral, le point culminant du GTJ. \u00c0 1606 m\u00e8tres d&#8217;altitude, on peut profiter d&#8217;un panorama \u00e0 360\u00b0 \u00e0 couper le souffle. Au nord, la vue s&#8217;\u00e9tend jusqu&#8217;aux p\u00e2turages bois\u00e9s typiques du Jura et au plus grand parc \u00e9olien de Suisse, situ\u00e9 entre Mont-Crosin et Mont-Soleil. Au sud, on peut admirer la beaut\u00e9 des trois lacs (Bienne, Neuch\u00e2tel et Morat).<\/p>\n<p>Le chemin continue par le col de la Vue des Alpes, en direction de Couvet, jusqu&#8217;au Creux du Van. Une immense ar\u00e8ne rocheuse d&#8217;un diam\u00e8tre de plus d&#8217;un kilom\u00e8tre ! Elle s&#8217;est form\u00e9e au cours des derniers millions d&#8217;ann\u00e9es par l&#8217;\u00e9rosion de l&#8217;eau et de la glace. D&#8217;imposantes parois rocheuses verticales de plus de 160 m\u00e8tres de haut entourent un profond cirque. Avec un peu de chance, vous pourrez m\u00eame observer des bouquetins et des chamois !<\/p>\n<p>Au-dessus du lac de Neuch\u00e2tel, vous atteindrez le canton de Vaud, le dernier des sept cantons, et Sainte-Croix, l&#8217;un des derniers grands villages, \u00e0 1 100 m\u00e8tres d&#8217;altitude. Le chemin continue \u00e0 travers un haut plateau typique du Jura jusqu&#8217;au charmant village de Romainm\u00f4tier. Nich\u00e9 entre deux collines bois\u00e9es au bord de la rivi\u00e8re Nozon, il abrite l&#8217;un des plus anciens monast\u00e8res de Suisse.<\/p>\n<p>Non loin de l\u00e0 se trouve le lac de Joux. Le plus grand lac de tout le massif du Jura offre un rafra\u00eechissement bienvenu par beau temps et ses nombreux h\u00f4tels et restaurants invitent \u00e0 s&#8217;attarder.<\/p>\n<p>Sur des chemins forestiers et des sentiers pittoresques, l&#8217;itin\u00e9raire traverse les p\u00e2turages bois\u00e9s typiques du Jura et monte r\u00e9guli\u00e8rement jusqu&#8217;au col de Marchairuz. Peu apr\u00e8s Saint-Cergue commence la derni\u00e8re ascension, parfois raide et techniquement difficile, vers La Barillette (\u2248 1528 m). En r\u00e9compense, une vue panoramique impressionnante sur le lac L\u00e9man et le Mont Blanc vous attend. Il ne vous reste plus qu&#8217;\u00e0 profiter de la longue descente vers Nyon et \u00e0 prendre conscience de votre exploit. Vous y \u00eates presque. Tous vos efforts seront bient\u00f4t r\u00e9compens\u00e9s et laisseront place \u00e0 une profonde paix et \u00e0 une fiert\u00e9 irr\u00e9pressible !<\/p>\n<section>\n<div class=\"heroes swiper swiper-container mySwiper bg-body-secondary ms-0 mb-5 col-md-10\" data-autoplay=\"false\">\n<div class=\"swiper-wrapper\">\n<div class=\"swiper-slide\">\n<div class=\"ratio ratio-16x9\">\n<img loading=\"lazy\" decoding=\"async\" class=\"img-fluid object-fit-cover\" src=\"https:\/\/ridegravel.ch\/transjuraindividual\/wp-content\/uploads\/sites\/5\/2026\/02\/Strecke0-1024x683.jpg\" width=\"640\" height=\"427\" alt=\"\" \/>\n<\/div>\n<\/div>\n<div class=\"swiper-slide\">\n<div class=\"ratio ratio-16x9\">\n<img loading=\"lazy\" decoding=\"async\" class=\"img-fluid object-fit-cover\" src=\"https:\/\/ridegravel.ch\/transjuraindividual\/wp-content\/uploads\/sites\/5\/2026\/02\/Strecke0a-1024x683.jpg\" width=\"640\" height=\"427\" alt=\"\" \/>\n<\/div>\n<\/div>\n<div class=\"swiper-slide\">\n<div class=\"ratio ratio-16x9\">\n<img loading=\"lazy\" decoding=\"async\" class=\"img-fluid object-fit-cover\" src=\"https:\/\/ridegravel.ch\/transjuraindividual\/wp-content\/uploads\/sites\/5\/2026\/02\/Strecke2-1024x683.jpg\" width=\"640\" height=\"427\" alt=\"\" \/>\n<\/div>\n<\/div>\n<div class=\"swiper-slide\">\n<div class=\"ratio ratio-16x9\">\n<img loading=\"lazy\" decoding=\"async\" class=\"img-fluid object-fit-cover\" src=\"https:\/\/ridegravel.ch\/transjuraindividual\/wp-content\/uploads\/sites\/5\/2026\/02\/Strecke3-1024x683.jpg\" width=\"640\" height=\"427\" alt=\"\" \/>\n<\/div>\n<\/div>\n<div class=\"swiper-slide\">\n<div class=\"ratio ratio-16x9\">\n<img loading=\"lazy\" decoding=\"async\" class=\"img-fluid object-fit-cover\" src=\"https:\/\/ridegravel.ch\/transjuraindividual\/wp-content\/uploads\/sites\/5\/2026\/02\/Strecke5.jpg\" width=\"605\" height=\"454\" alt=\"\" \/>\n<\/div>\n<\/div>\n<div class=\"swiper-slide\">\n<div class=\"ratio ratio-16x9\">\n<img loading=\"lazy\" decoding=\"async\" class=\"img-fluid object-fit-cover\" src=\"https:\/\/ridegravel.ch\/transjuraindividual\/wp-content\/uploads\/sites\/5\/2026\/02\/Strecke5a.jpg\" width=\"605\" height=\"454\" alt=\"\" \/>\n<\/div>\n<\/div>\n<div class=\"swiper-slide\">\n<div class=\"ratio ratio-16x9\">\n<img loading=\"lazy\" decoding=\"async\" class=\"img-fluid object-fit-cover\" src=\"https:\/\/ridegravel.ch\/transjuraindividual\/wp-content\/uploads\/sites\/5\/2026\/02\/Strecke6-1024x683.jpg\" width=\"640\" height=\"427\" alt=\"\" \/>\n<\/div>\n<\/div>\n<\/div>\n<div class=\"swiper-pagination\"><\/div>\n<div class=\"swiper-button-prev\"><\/div>\n<div class=\"swiper-button-next\"><\/div>\n<\/div>\n<\/section>\n\n","protected":false},"excerpt":{"rendered":"<p>Une fois inscrit au Gravel Trans Jura Individual, vous recevrez par e-mail l&#8217;itin\u00e9raire sous forme de trace GPS, accompagn\u00e9 d&#8217;une feuille de route d\u00e9taill\u00e9e indiquant tous les h\u00e9bergements, restaurants et commerces le long du parcours.<\/p>\n","protected":false},"author":1024,"featured_media":866,"parent":85,"menu_order":10,"comment_status":"closed","ping_status":"closed","template":"page-templates\/page-full-width-image.php","meta":{"_acf_changed":false,"footnotes":""},"categories":[],"tags":[],"class_list":["post-87","page","type-page","status-publish","has-post-thumbnail","hentry"],"acf":[],"lang":"fr","translations":{"fr":87,"en":73,"de":55},"pll_sync_post":[],"_links":{"self":[{"href":"https:\/\/ridegravel.ch\/transjuraindividual\/wp-json\/wp\/v2\/pages\/87","targetHints":{"allow":["GET"]}}],"collection":[{"href":"https:\/\/ridegravel.ch\/transjuraindividual\/wp-json\/wp\/v2\/pages"}],"about":[{"href":"https:\/\/ridegravel.ch\/transjuraindividual\/wp-json\/wp\/v2\/types\/page"}],"author":[{"embeddable":true,"href":"https:\/\/ridegravel.ch\/transjuraindividual\/wp-json\/wp\/v2\/users\/1024"}],"replies":[{"embeddable":true,"href":"https:\/\/ridegravel.ch\/transjuraindividual\/wp-json\/wp\/v2\/comments?post=87"}],"version-history":[{"count":3,"href":"https:\/\/ridegravel.ch\/transjuraindividual\/wp-json\/wp\/v2\/pages\/87\/revisions"}],"predecessor-version":[{"id":1042,"href":"https:\/\/ridegravel.ch\/transjuraindividual\/wp-json\/wp\/v2\/pages\/87\/revisions\/1042"}],"up":[{"embeddable":true,"href":"https:\/\/ridegravel.ch\/transjuraindividual\/wp-json\/wp\/v2\/pages\/85"}],"wp:featuredmedia":[{"embeddable":true,"href":"https:\/\/ridegravel.ch\/transjuraindividual\/wp-json\/wp\/v2\/media\/866"}],"wp:attachment":[{"href":"https:\/\/ridegravel.ch\/transjuraindividual\/wp-json\/wp\/v2\/media?parent=87"}],"wp:term":[{"taxonomy":"category","embeddable":true,"href":"https:\/\/ridegravel.ch\/transjuraindividual\/wp-json\/wp\/v2\/categories?post=87"},{"taxonomy":"post_tag","embeddable":true,"href":"https:\/\/ridegravel.ch\/transjuraindividual\/wp-json\/wp\/v2\/tags?post=87"}],"curies":[{"name":"wp","href":"https:\/\/api.w.org\/{rel}","templated":true}]}}