{"id":91,"date":"2025-02-07T22:26:44","date_gmt":"2025-02-07T21:26:44","guid":{"rendered":"https:\/\/ridegravel.ch\/transjuraindividual\/?page_id=91"},"modified":"2026-03-30T14:35:15","modified_gmt":"2026-03-30T12:35:15","slug":"manger-et-dormir","status":"publish","type":"page","link":"https:\/\/ridegravel.ch\/transjuraindividual\/fr\/about\/manger-et-dormir\/","title":{"rendered":"Manger et dormir"},"content":{"rendered":"<h2>Roadmap<\/h2>\n<p>Qu&#8217;il s&#8217;agisse de nuits d&#8217;h\u00f4tel luxueuses ou de nuits pass\u00e9es sur une natte de camping ou dans un sac de couchage ; tout est possible. Gr\u00e2ce \u00e0 une feuille de route (num\u00e9rique) d\u00e9taill\u00e9e, tu recevras apr\u00e8s ton inscription \u00e0 la Gravel Trans Jura Individual une documentation compl\u00e8te qui te permettra d&#8217;adapter tes plans aux conditions quotidiennes et \u00e0 ton propre \u00e9tat d&#8217;esprit.<\/p>\n<p>&nbsp;<\/p>\n<h2>H\u00e9bergement au d\u00e9part et \u00e0 l&#8217;arriv\u00e9e<\/h2>\n<p>&nbsp;<\/p>\n<h3>Notre h\u00f4tel partenaire \u00e0 Baden<\/h3>\n<p>La <a href=\"https:\/\/deinbaden.ch\/de\/home\">ville de Baden<\/a>, dans le canton d&#8217;Argovie, \u00e0 une vingtaine de kilom\u00e8tres de Zurich, est le lieu de d\u00e9part de la Gravel Trans Jura ! Avant de commencer ton aventure \u00e0 v\u00e9lo, il vaut la peine de visiter la ville thermale.<\/p>\n<table class=\"table table-striped\" style=\"height: 240px\">\n<tbody>\n<tr style=\"height: 120px\">\n<td style=\"height: 120px;width: 222px\"><strong>Trafo Hotel<br \/>\n<\/strong>Bruggerstrasse 56, Baden<br \/>\nTel. 056 203 80 80<br \/>\n<a href=\"&#x6d;&#x61;&#x69;&#x6c;&#x74;&#x6f;&#x3a;&#104;&#111;&#109;&#101;&#64;traf&#x6f;&#x68;&#x6f;&#x74;&#x65;&#x6c;&#x2e;&#x63;&#104;\">&#104;&#111;&#x6d;&#x65;&#64;&#116;&#x72;&#x61;&#102;&#111;&#x68;&#x6f;&#116;&#101;&#x6c;&#x2e;&#99;&#104;<\/a><br \/>\n<a href=\"https:\/\/www.trafohotel.ch\/en\/bike-friendly\/\">www.trafohotel.ch<\/a><\/td>\n<td style=\"height: 120px;width: 396px\">\n<p>Le Trafo h\u00f4tel se trouve \u00e0 quelques minutes \u00e0 pied de la gare de Baden : du check-in en ligne, du check-out express, des lits de qualit\u00e9 jusqu&#8217;au WLAN highspeed gratuit, tout est con\u00e7u pour r\u00e9pondre aux besoins des clients.<\/p>\n<p>Sur le site du Trafo se trouvent, outre l&#8217;h\u00f4tel, un restaurant, le parc de fitness et de bien-\u00eatre ainsi que des cin\u00e9mas modernes. Tout est donc r\u00e9uni sous le m\u00eame toit.<\/p>\n<p><b>Tous les participants qui souhaitent s\u00e9journer au Trafohotel b\u00e9n\u00e9ficient d&#8217;une r\u00e9duction de 5 % sur le prix de la nuit\u00e9e<\/b> (petit-d\u00e9jeuner compris) s&#8217;ils r\u00e9servent via le <a href=\"https:\/\/www.trafohotel.ch\/en\/bike-friendly\/\">site web<\/a>.<\/p>\n<p>code : GTJ26<\/p>\n<p>valable jusqu&#8217;au 31\/12\/2026<\/td>\n<\/tr>\n<tr>\n<td style=\"width: 222px\"><strong>Jugendherberge Baden<\/strong><br \/>\nKanalstrasse 7, Baden<br \/>\nTel. 056 221 67 36<br \/>\n<a href=\"https:\/\/www.youthhostel.ch\/fr\/auberges\/auberge-des-jeunesse-baden\">www.youthhostel.ch\/fr\/auberges\/auberge-des-jeunesse-baden<\/a><strong><br \/>\n<\/strong><\/td>\n<td style=\"width: 396px\">\n<p>Pr\u00e8s de la Limmat, l\u2019auberge de jeunesse moderne est un excellent lieu de s\u00e9jour pour les amateurs de sport. Situ\u00e9e sur les rives de la Limmat et \u00e0 proximit\u00e9 du complexe sportif d\u2019Aue, elle permet de participer \u00e0 d\u2019innombrables excursions et entra\u00eenements.<\/p>\n<p><b>Tous les participants qui souhaitent s\u00e9journer au Trafohotel b\u00e9n\u00e9ficient d&#8217;une r\u00e9duction de 10 % sur le prix de la nuit\u00e9e<\/b> (petit-d\u00e9jeuner compris) s&#8217;ils r\u00e9servent via le <a href=\"http:\/\/www.youthhostel.ch\/fr\/auberges\/auberge-des-jeunesse-baden\">site web<\/a>.<\/p>\n<p>code : GravelTrans_10%<\/p>\n<p>valable jusqu&#8217;au 31\/10\/2026<\/td>\n<\/tr>\n<\/tbody>\n<\/table>\n<h3><\/h3>\n<p>&nbsp;<\/p>\n<h3>Notre h\u00f4tel partenaire \u00e0 Nyon<\/h3>\n<p>C&#8217;est directement au bord du lac L\u00e9man que se trouve la destination &#8211;<strong> <a href=\"https:\/\/www.lacote-tourisme.ch\/fr\/\">Nyon la jolie petite ville<\/a><\/strong> entre Lausanne et Gen\u00e8ve, au milieu des vignobles de La C\u00f4te. Nyon se r\u00e9jouit de ton arriv\u00e9e et de ton s\u00e9jour.<\/p>\n<table class=\"table table-striped\">\n<tbody>\n<tr>\n<td style=\"width: 229px\"><strong>Nyon Hostel SA<\/strong><br \/>\nChemin des Plantaz 47, Nyon<br \/>\nTel. 022 888 12 60<br \/>\n<a href=\"&#x6d;&#x61;&#x69;&#x6c;&#x74;&#x6f;&#58;&#105;&#110;&#102;o&#64;ny&#x6f;&#x6e;&#x68;&#x6f;&#x73;&#x74;&#101;&#108;&#46;&#99;&#104;\">&#105;&#x6e;&#x66;&#111;&#x40;&#x6e;&#121;&#x6f;&#x6e;&#104;&#x6f;&#x73;&#116;&#x65;&#x6c;&#46;&#x63;&#x68;<\/a><br \/>\n<a href=\"https:\/\/nyonhostel.ch\/?lang=fr#top\">nyonhostel.ch<\/a><\/td>\n<td style=\"width: 389px\">\n<p>Bien que Nyon soit l&#8217;une des plus belles villes du lac L\u00e9man, elle a longtemps eu peu \u00e0 offrir en mati\u00e8re d&#8217;h\u00e9bergement \u00e9conomique. Cela a chang\u00e9 il y a quelques ann\u00e9es &#8211; c&#8217;est alors que Nyon Hostel a ouvert ses portes. 128 lits dans 27 chambres, dont 15 chambres \u00e0 plusieurs lits, 8 chambres doubles et 4 suites familiales am\u00e9nag\u00e9es selon le feng shui. Des boxes \u00e0 v\u00e9los gratuits sont disponibles au sous-sol.<\/p>\n<p><strong>Tous les participantes qui souhaitent loger dans l&#8217;hostel, recevront une r\u00e9duction de 8 % sur le prix de logement<\/strong> (avec le petit-d\u00e9jeuner) en passant par la site de r\u00e9servation <a href=\"http:\/\/www.nyonhostel.ch\">www.nyonhostel.ch<\/a><\/p>\n<p>code: gtind26<\/p>\n<p>valable pour; max. 6 persons\/r\u00e9servation du 22.04. au 18.10.2026.<\/td>\n<\/tr>\n<tr>\n<td style=\"width: 229px\"><strong>Maison du Lac<\/strong><br \/>\nPlace de Savoie 1, Nyon<br \/>\nTel. 022 365 85 85<br \/>\n<a href=\"m&#97;&#x69;&#x6c;t&#111;&#x3a;&#x63;o&#110;&#116;&#x61;&#x63;t&#64;&#x6d;&#x61;i&#115;&#x6f;&#x6e;d&#117;&#108;&#x61;&#x63;&#46;&#99;&#x6f;&#x6d;\">&#x63;&#x6f;&#x6e;&#x74;&#x61;&#x63;&#x74;&#x40;&#x6d;&#x61;&#x69;&#x73;&#x6f;&#x6e;&#x64;&#x75;&#x6c;&#x61;&#x63;&#x2e;&#x63;&#x6f;&#x6d;<\/a><br \/>\n<a href=\"https:\/\/www.maisondulac.ch\/\">www.maisondulac.ch<\/a><strong><br \/>\n<\/strong><\/td>\n<td style=\"width: 389px\">\n<p>Juste \u00e0 l\u2019arriv\u00e9e de la Gravel Trans Jura, sur la place de Savoie, se trouve La Maison du Lac. Cet \u00e9tablissement exceptionnel, situ\u00e9 sur les rives pittoresques du lac L\u00e9mans, offre une vue imprenable sur les eaux scintillantes et les montagnes majestueuses en arri\u00e8re-plan, pour une exp\u00e9rience unique alliant \u00e9l\u00e9gance moderne et charme traditionnel. Un grand choix de chambres simples, doubles ou m\u00eame familiales, petit d\u00e9jeuner compris, est disponible.<\/p>\n<p><strong>Tous les participant\u00b7e\u00b7s qui s\u00e9journent \u00e0 la Maison du Lac b\u00e9n\u00e9ficient d&#8217;une r\u00e9duction de 10 % sur le prix de la nuit\u00e9e<\/strong> (petit-d\u00e9jeuner compris).<\/p>\n<p>Cette r\u00e9duction n&#8217;est valable que pour les r\u00e9servations effectu\u00e9es par t\u00e9l\u00e9phone ou par e-mail, \u00e0 condition de pr\u00e9ciser que vous participez au Gravel Trans Jura Individual.<\/td>\n<\/tr>\n<\/tbody>\n<\/table>\n<p>&nbsp;<\/p>\n","protected":false},"excerpt":{"rendered":"<p>Roadmap Qu&#8217;il s&#8217;agisse de nuits d&#8217;h\u00f4tel luxueuses ou de nuits pass\u00e9es sur une natte de camping ou dans un sac (&#8230;)<\/p>\n","protected":false},"author":1024,"featured_media":219,"parent":85,"menu_order":30,"comment_status":"closed","ping_status":"closed","template":"page-templates\/page-full-width-image.php","meta":{"_acf_changed":false,"footnotes":""},"categories":[],"tags":[],"class_list":["post-91","page","type-page","status-publish","has-post-thumbnail","hentry"],"acf":[],"lang":"fr","translations":{"fr":91,"en":78,"de":62},"pll_sync_post":[],"_links":{"self":[{"href":"https:\/\/ridegravel.ch\/transjuraindividual\/wp-json\/wp\/v2\/pages\/91","targetHints":{"allow":["GET"]}}],"collection":[{"href":"https:\/\/ridegravel.ch\/transjuraindividual\/wp-json\/wp\/v2\/pages"}],"about":[{"href":"https:\/\/ridegravel.ch\/transjuraindividual\/wp-json\/wp\/v2\/types\/page"}],"author":[{"embeddable":true,"href":"https:\/\/ridegravel.ch\/transjuraindividual\/wp-json\/wp\/v2\/users\/1024"}],"replies":[{"embeddable":true,"href":"https:\/\/ridegravel.ch\/transjuraindividual\/wp-json\/wp\/v2\/comments?post=91"}],"version-history":[{"count":3,"href":"https:\/\/ridegravel.ch\/transjuraindividual\/wp-json\/wp\/v2\/pages\/91\/revisions"}],"predecessor-version":[{"id":1065,"href":"https:\/\/ridegravel.ch\/transjuraindividual\/wp-json\/wp\/v2\/pages\/91\/revisions\/1065"}],"up":[{"embeddable":true,"href":"https:\/\/ridegravel.ch\/transjuraindividual\/wp-json\/wp\/v2\/pages\/85"}],"wp:featuredmedia":[{"embeddable":true,"href":"https:\/\/ridegravel.ch\/transjuraindividual\/wp-json\/wp\/v2\/media\/219"}],"wp:attachment":[{"href":"https:\/\/ridegravel.ch\/transjuraindividual\/wp-json\/wp\/v2\/media?parent=91"}],"wp:term":[{"taxonomy":"category","embeddable":true,"href":"https:\/\/ridegravel.ch\/transjuraindividual\/wp-json\/wp\/v2\/categories?post=91"},{"taxonomy":"post_tag","embeddable":true,"href":"https:\/\/ridegravel.ch\/transjuraindividual\/wp-json\/wp\/v2\/tags?post=91"}],"curies":[{"name":"wp","href":"https:\/\/api.w.org\/{rel}","templated":true}]}}