{"id":98,"date":"2025-02-07T22:28:00","date_gmt":"2025-02-07T21:28:00","guid":{"rendered":"https:\/\/ridegravel.ch\/transjuraindividual\/?page_id=98"},"modified":"2025-03-17T13:03:03","modified_gmt":"2025-03-17T12:03:03","slug":"qui-sommes-nous","status":"publish","type":"page","link":"https:\/\/ridegravel.ch\/transjuraindividual\/fr\/about\/qui-sommes-nous\/","title":{"rendered":"Qui sommes-nous"},"content":{"rendered":"<p>L&#8217;organisation de la Gravel Trans Jura a \u00e9t\u00e9 confi\u00e9e \u00e0 <a href=\"https:\/\/www.crossroads-gmbh.ch\/\" target=\"_blank\" rel=\"noopener\">crossroads Event und Kommunikation GmbH<\/a>. Fond\u00e9e en 2014 par Christian Rocha, cette agence petite mais efficace est bien \u00e9tablie dans les domaines de l&#8217;organisation, de la communication et de l&#8217;animation et dispose d&#8217;un tr\u00e8s bon r\u00e9seau dans le paysage \u00e9v\u00e9nementiel suisse.<\/p>\n<p>Son grand savoir-faire et ses comp\u00e9tences cl\u00e9s se situent dans le domaine du cyclisme. Avec beaucoup de passion, de cr\u00e9ativit\u00e9 mais aussi une dose de pragmatisme, de nouveaux projets et de nouvelles visions voient r\u00e9guli\u00e8rement le jour &#8211; comme la Gravel Trans Jura et la Gravel Trans Jura Individuelle !<\/p>\n","protected":false},"excerpt":{"rendered":"<p>L&#8217;organisation de la Gravel Trans Jura a \u00e9t\u00e9 confi\u00e9e \u00e0 crossroads Event und Kommunikation GmbH. Fond\u00e9e en 2014 par Christian (&#8230;)<\/p>\n","protected":false},"author":1024,"featured_media":258,"parent":85,"menu_order":60,"comment_status":"closed","ping_status":"closed","template":"page-templates\/page-full-width-image.php","meta":{"_acf_changed":false,"footnotes":""},"categories":[],"tags":[],"class_list":["post-98","page","type-page","status-publish","has-post-thumbnail","hentry"],"acf":[],"lang":"fr","translations":{"fr":98,"en":97,"de":67},"pll_sync_post":[],"_links":{"self":[{"href":"https:\/\/ridegravel.ch\/transjuraindividual\/wp-json\/wp\/v2\/pages\/98","targetHints":{"allow":["GET"]}}],"collection":[{"href":"https:\/\/ridegravel.ch\/transjuraindividual\/wp-json\/wp\/v2\/pages"}],"about":[{"href":"https:\/\/ridegravel.ch\/transjuraindividual\/wp-json\/wp\/v2\/types\/page"}],"author":[{"embeddable":true,"href":"https:\/\/ridegravel.ch\/transjuraindividual\/wp-json\/wp\/v2\/users\/1024"}],"replies":[{"embeddable":true,"href":"https:\/\/ridegravel.ch\/transjuraindividual\/wp-json\/wp\/v2\/comments?post=98"}],"version-history":[{"count":3,"href":"https:\/\/ridegravel.ch\/transjuraindividual\/wp-json\/wp\/v2\/pages\/98\/revisions"}],"predecessor-version":[{"id":260,"href":"https:\/\/ridegravel.ch\/transjuraindividual\/wp-json\/wp\/v2\/pages\/98\/revisions\/260"}],"up":[{"embeddable":true,"href":"https:\/\/ridegravel.ch\/transjuraindividual\/wp-json\/wp\/v2\/pages\/85"}],"wp:featuredmedia":[{"embeddable":true,"href":"https:\/\/ridegravel.ch\/transjuraindividual\/wp-json\/wp\/v2\/media\/258"}],"wp:attachment":[{"href":"https:\/\/ridegravel.ch\/transjuraindividual\/wp-json\/wp\/v2\/media?parent=98"}],"wp:term":[{"taxonomy":"category","embeddable":true,"href":"https:\/\/ridegravel.ch\/transjuraindividual\/wp-json\/wp\/v2\/categories?post=98"},{"taxonomy":"post_tag","embeddable":true,"href":"https:\/\/ridegravel.ch\/transjuraindividual\/wp-json\/wp\/v2\/tags?post=98"}],"curies":[{"name":"wp","href":"https:\/\/api.w.org\/{rel}","templated":true}]}}